{"id":3491,"date":"2020-02-07T02:16:32","date_gmt":"2020-02-07T02:16:32","guid":{"rendered":"https:\/\/demo.casethemes.net\/consultio-business2\/?page_id=3491"},"modified":"2025-02-25T13:26:36","modified_gmt":"2025-02-25T13:26:36","slug":"about-v-2","status":"publish","type":"page","link":"https:\/\/central-africalink.com\/en\/about-v-2\/","title":{"rendered":"About v.2"},"content":{"rendered":"<div data-elementor-type=\"wp-page\" data-elementor-id=\"3491\" class=\"elementor elementor-3491\">\n\t\t\t\t        <section class=\"elementor-section elementor-top-section elementor-element elementor-element-40fd8216 elementor-section-boxed elementor-section-height-default elementor-section-height-default ct-header-fixed-none ct-row-max-none\" data-id=\"40fd8216\" data-element_type=\"section\">\n            \n                        <div class=\"elementor-container elementor-column-gap-extended\">\n                    <div class=\"elementor-column elementor-col-50 elementor-top-column elementor-element elementor-element-2a114ffb\" data-id=\"2a114ffb\" data-element_type=\"column\">\n        <div class=\"elementor-widget-wrap elementor-element-populated\">\n                    \n        \t\t<div class=\"elementor-element elementor-element-e7c34af elementor-widget elementor-widget-ct_heading\" data-id=\"e7c34af\" data-element_type=\"widget\" data-widget_type=\"ct_heading.default\">\n\t\t\t\t<div class=\"elementor-widget-container\">\n\t\t\t\t\t<div id=\"ct_heading-e7c34af\" class=\"ct-heading h-align- sub-style2 ct-heading-left item-st-default\">\r\n\t<div class=\"ct-item--inner\">\r\n        <div class=\"ct-inline-css\"  data-css=\"            \">\r\n        <\/div>\r\n                <h3 class=\"item--title st-default wow wow fadeInUp\" data-wow-delay=\"ms\">\r\n                        <span class=\"sp-main\">\r\n                \r\n                Central Africa Link, your investment partner in Africa\r\n                \r\n                            <\/span>\r\n                    <\/h3>\r\n    <\/div>\r\n<\/div>\t\t\t\t<\/div>\n\t\t\t\t<\/div>\n\t\t\t\t<div class=\"elementor-element elementor-element-10df5e6a wow fadeInUp elementor-widget elementor-widget-text-editor\" data-id=\"10df5e6a\" data-element_type=\"widget\" data-widget_type=\"text-editor.default\">\n\t\t\t\t<div class=\"elementor-widget-container\">\n\t\t\t\t\t\t\t\t\t<p>Specializing in business facilitation and strategic support, Central Africa Link plays a key role in the development and success of investment projects in Africa. Thanks to in-depth local expertise and an extensive network of partners, we offer tailor-made solutions for navigating the continent's business environment.<\/p>\t\t\t\t\t\t\t\t<\/div>\n\t\t\t\t<\/div>\n\t\t            <\/div>\n        <\/div>\n                <div class=\"elementor-column elementor-col-50 elementor-top-column elementor-element elementor-element-431858c4\" data-id=\"431858c4\" data-element_type=\"column\">\n        <div class=\"elementor-widget-wrap elementor-element-populated\">\n                    \n        \t\t<div class=\"elementor-element elementor-element-160cdc54 wow fadeInRight elementor-widget elementor-widget-image\" data-id=\"160cdc54\" data-element_type=\"widget\" data-widget_type=\"image.default\">\n\t\t\t\t<div class=\"elementor-widget-container\">\n\t\t\t\t\t\t\t\t\t\t\t\t\t\t\t<img fetchpriority=\"high\" decoding=\"async\" width=\"2560\" height=\"1829\" src=\"https:\/\/central-africalink.com\/wp-content\/uploads\/2025\/02\/pexels-rethaferguson-3810788-scaled.jpg\" class=\"attachment-full size-full wp-image-5454\" alt=\"\" srcset=\"https:\/\/central-africalink.com\/wp-content\/uploads\/2025\/02\/pexels-rethaferguson-3810788-scaled.jpg 2560w, https:\/\/central-africalink.com\/wp-content\/uploads\/2025\/02\/pexels-rethaferguson-3810788-300x214.jpg 300w, https:\/\/central-africalink.com\/wp-content\/uploads\/2025\/02\/pexels-rethaferguson-3810788-1024x732.jpg 1024w, https:\/\/central-africalink.com\/wp-content\/uploads\/2025\/02\/pexels-rethaferguson-3810788-768x549.jpg 768w, https:\/\/central-africalink.com\/wp-content\/uploads\/2025\/02\/pexels-rethaferguson-3810788-1536x1097.jpg 1536w, https:\/\/central-africalink.com\/wp-content\/uploads\/2025\/02\/pexels-rethaferguson-3810788-2048x1463.jpg 2048w, https:\/\/central-africalink.com\/wp-content\/uploads\/2025\/02\/pexels-rethaferguson-3810788-18x12.jpg 18w, https:\/\/central-africalink.com\/wp-content\/uploads\/2025\/02\/pexels-rethaferguson-3810788-600x429.jpg 600w\" sizes=\"(max-width: 2560px) 100vw, 2560px\" \/>\t\t\t\t\t\t\t\t\t\t\t\t\t\t\t<\/div>\n\t\t\t\t<\/div>\n\t\t            <\/div>\n        <\/div>\n                    <\/div>\n        <\/section>\n                <section class=\"elementor-section elementor-top-section elementor-element elementor-element-2e1c1c0 elementor-section-boxed elementor-section-height-default elementor-section-height-default ct-header-fixed-none ct-row-max-none\" data-id=\"2e1c1c0\" data-element_type=\"section\">\n            \n                        <div class=\"elementor-container elementor-column-gap-extended\">\n                    <div class=\"elementor-column elementor-col-50 elementor-top-column elementor-element elementor-element-798c0d4\" data-id=\"798c0d4\" data-element_type=\"column\">\n        <div class=\"elementor-widget-wrap elementor-element-populated\">\n                    \n        \t\t<div class=\"elementor-element elementor-element-fd51c2a wow fadeInRight elementor-widget elementor-widget-image\" data-id=\"fd51c2a\" data-element_type=\"widget\" data-widget_type=\"image.default\">\n\t\t\t\t<div class=\"elementor-widget-container\">\n\t\t\t\t\t\t\t\t\t\t\t\t\t\t\t<img decoding=\"async\" width=\"1920\" height=\"1200\" src=\"https:\/\/central-africalink.com\/wp-content\/uploads\/2019\/11\/theme-14.jpg\" class=\"attachment-full size-full wp-image-1543\" alt=\"\" srcset=\"https:\/\/central-africalink.com\/wp-content\/uploads\/2019\/11\/theme-14.jpg 1920w, https:\/\/central-africalink.com\/wp-content\/uploads\/2019\/11\/theme-14-600x375.jpg 600w, https:\/\/central-africalink.com\/wp-content\/uploads\/2019\/11\/theme-14-300x188.jpg 300w, https:\/\/central-africalink.com\/wp-content\/uploads\/2019\/11\/theme-14-1024x640.jpg 1024w, https:\/\/central-africalink.com\/wp-content\/uploads\/2019\/11\/theme-14-768x480.jpg 768w, https:\/\/central-africalink.com\/wp-content\/uploads\/2019\/11\/theme-14-1536x960.jpg 1536w\" sizes=\"(max-width: 1920px) 100vw, 1920px\" \/>\t\t\t\t\t\t\t\t\t\t\t\t\t\t\t<\/div>\n\t\t\t\t<\/div>\n\t\t            <\/div>\n        <\/div>\n                <div class=\"elementor-column elementor-col-50 elementor-top-column elementor-element elementor-element-2bc3b2e\" data-id=\"2bc3b2e\" data-element_type=\"column\">\n        <div class=\"elementor-widget-wrap elementor-element-populated\">\n                    \n        \t\t<div class=\"elementor-element elementor-element-dd91f11 elementor-widget elementor-widget-ct_heading\" data-id=\"dd91f11\" data-element_type=\"widget\" data-widget_type=\"ct_heading.default\">\n\t\t\t\t<div class=\"elementor-widget-container\">\n\t\t\t\t\t<div id=\"ct_heading-dd91f11\" class=\"ct-heading h-align- sub-style2 ct-heading-left item-st-default\">\r\n\t<div class=\"ct-item--inner\">\r\n        <div class=\"ct-inline-css\"  data-css=\"            \">\r\n        <\/div>\r\n                <h3 class=\"item--title st-default wow wow fadeInUp\" data-wow-delay=\"ms\">\r\n                        <span class=\"sp-main\">\r\n                \r\n                Our vision\r\n                \r\n                            <\/span>\r\n                    <\/h3>\r\n    <\/div>\r\n<\/div>\t\t\t\t<\/div>\n\t\t\t\t<\/div>\n\t\t\t\t<div class=\"elementor-element elementor-element-8229064 wow fadeInUp elementor-widget elementor-widget-text-editor\" data-id=\"8229064\" data-element_type=\"widget\" data-widget_type=\"text-editor.default\">\n\t\t\t\t<div class=\"elementor-widget-container\">\n\t\t\t\t\t\t\t\t\t<p>Create a favorable business environment, boost investor confidence and make a lasting contribution to Africa's economic development.<\/p>\t\t\t\t\t\t\t\t<\/div>\n\t\t\t\t<\/div>\n\t\t            <\/div>\n        <\/div>\n                    <\/div>\n        <\/section>\n                <section class=\"elementor-section elementor-top-section elementor-element elementor-element-4b3b2339 elementor-section-stretched elementor-section-boxed elementor-section-height-default elementor-section-height-default ct-header-fixed-none ct-row-max-none\" data-id=\"4b3b2339\" data-element_type=\"section\" data-settings=\"{&quot;stretch_section&quot;:&quot;section-stretched&quot;,&quot;background_background&quot;:&quot;classic&quot;}\">\n                            <div class=\"elementor-background-overlay\"><\/div>\n                \n                        <div class=\"elementor-container elementor-column-gap-extended\">\n                    <div class=\"elementor-column elementor-col-100 elementor-top-column elementor-element elementor-element-ade8159\" data-id=\"ade8159\" data-element_type=\"column\">\n        <div class=\"elementor-widget-wrap elementor-element-populated\">\n                    \n        \t\t<div class=\"elementor-element elementor-element-4dd69a6 elementor-widget elementor-widget-ct_heading\" data-id=\"4dd69a6\" data-element_type=\"widget\" data-widget_type=\"ct_heading.default\">\n\t\t\t\t<div class=\"elementor-widget-container\">\n\t\t\t\t\t<div id=\"ct_heading-4dd69a6\" class=\"ct-heading h-align- sub-style2 ct-heading-left item-st-default\">\r\n\t<div class=\"ct-item--inner\">\r\n        <div class=\"ct-inline-css\"  data-css=\"            \">\r\n        <\/div>\r\n                <h3 class=\"item--title st-default wow wow fadeInUp\" data-wow-delay=\"ms\">\r\n                        <span class=\"sp-main\">\r\n                \r\n                Our objective\r\n                \r\n                            <\/span>\r\n                    <\/h3>\r\n    <\/div>\r\n<\/div>\t\t\t\t<\/div>\n\t\t\t\t<\/div>\n\t\t\t\t<div class=\"elementor-element elementor-element-01ffadf elementor-widget elementor-widget-spacer\" data-id=\"01ffadf\" data-element_type=\"widget\" data-widget_type=\"spacer.default\">\n\t\t\t\t<div class=\"elementor-widget-container\">\n\t\t\t\t\t\t\t<div class=\"elementor-spacer\">\n\t\t\t<div class=\"elementor-spacer-inner\"><\/div>\n\t\t<\/div>\n\t\t\t\t\t\t<\/div>\n\t\t\t\t<\/div>\n\t\t\t\t<div class=\"elementor-element elementor-element-4d1cd1c elementor-widget elementor-widget-ct_fancy_box_grid\" data-id=\"4d1cd1c\" data-element_type=\"widget\" data-widget_type=\"ct_fancy_box_grid.default\">\n\t\t\t\t<div class=\"elementor-widget-container\">\n\t\t\t\t\t    <div id=\"ct_fancy_box_grid-4d1cd1c\" class=\"ct-grid ct-fancy-box-grid ct-fancy-box-grid2\">\r\n        <div class=\"ct-grid-inner ct-grid-masonry row\" data-gutter=\"7\">\r\n                            <div class=\"grid-item col-xl-2 col-lg-2 col-md-6 col-sm-6 col-12\">\r\n                    <div class=\"item--inner same-height\">\r\n                                                    <div class=\"item--icon\">\r\n                                <i aria-hidden=\"true\" class=\"flaticonv2 flaticonv2-edit\"><\/i>                                                            <\/div>\r\n                                                \r\n                        <h3 class=\"item--title\">    \r\n                                                    <\/h3>\r\n                        <div class=\"item--desc\">Developing the best solutions for the success of your investments\n<\/div>\r\n                                                    <a class=\"item-link\" href=\"https:\/\/central-africalink.com\/en\/service\/business-strategy\/\"><\/a>\r\n                                           <\/div>\r\n                   <div class=\"item--shadow\"><\/div>\r\n                <\/div>\r\n                            <div class=\"grid-item col-xl-2 col-lg-2 col-md-6 col-sm-6 col-12\">\r\n                    <div class=\"item--inner same-height\">\r\n                                                    <div class=\"item--icon\">\r\n                                <i aria-hidden=\"true\" class=\"flaticonv2 flaticonv2-gear\"><\/i>                                                            <\/div>\r\n                                                \r\n                        <h3 class=\"item--title\">    \r\n                                                    <\/h3>\r\n                        <div class=\"item--desc\">Supporting public-private partnerships\n<\/div>\r\n                                                    <a class=\"item-link\" href=\"https:\/\/central-africalink.com\/en\/service\/business-strategy\/\"><\/a>\r\n                                           <\/div>\r\n                   <div class=\"item--shadow\"><\/div>\r\n                <\/div>\r\n                            <div class=\"grid-item col-xl-2 col-lg-2 col-md-6 col-sm-6 col-12\">\r\n                    <div class=\"item--inner same-height\">\r\n                                                    <div class=\"item--icon\">\r\n                                <i aria-hidden=\"true\" class=\"flaticonv2 flaticonv2-objective\"><\/i>                                                            <\/div>\r\n                                                \r\n                        <h3 class=\"item--title\">    \r\n                                                    <\/h3>\r\n                        <div class=\"item--desc\">Organize fund-raising<\/div>\r\n                                                    <a class=\"item-link\" href=\"https:\/\/central-africalink.com\/en\/service\/business-strategy\/\"><\/a>\r\n                                           <\/div>\r\n                   <div class=\"item--shadow\"><\/div>\r\n                <\/div>\r\n                            <div class=\"grid-item col-xl-2 col-lg-2 col-md-6 col-sm-6 col-12\">\r\n                    <div class=\"item--inner same-height\">\r\n                                                    <div class=\"item--icon\">\r\n                                <i aria-hidden=\"true\" class=\"flaticonv2 flaticonv2-creative\"><\/i>                                                            <\/div>\r\n                                                \r\n                        <h3 class=\"item--title\">    \r\n                                                    <\/h3>\r\n                        <div class=\"item--desc\">Offer engineering services tailored to your projects\n<\/div>\r\n                                                    <a class=\"item-link\" href=\"https:\/\/central-africalink.com\/en\/service\/business-strategy\/\"><\/a>\r\n                                           <\/div>\r\n                   <div class=\"item--shadow\"><\/div>\r\n                <\/div>\r\n                            <div class=\"grid-item col-xl-2 col-lg-2 col-md-6 col-sm-6 col-12\">\r\n                    <div class=\"item--inner same-height\">\r\n                                                    <div class=\"item--icon\">\r\n                                <i aria-hidden=\"true\" class=\"flaticonv5 flaticonv5-growth-chart\"><\/i>                                                            <\/div>\r\n                                                \r\n                        <h3 class=\"item--title\">    \r\n                                                    <\/h3>\r\n                        <div class=\"item--desc\">Organizing business events and networking\n<\/div>\r\n                                                    <a class=\"item-link\" href=\"https:\/\/central-africalink.com\/en\/service\/business-strategy\/\"><\/a>\r\n                                           <\/div>\r\n                   <div class=\"item--shadow\"><\/div>\r\n                <\/div>\r\n                        <div class=\"grid-sizer col-xl-2 col-lg-2 col-md-6 col-sm-6 col-12\"><\/div>\r\n        <\/div>\r\n    <\/div>\r\n\t\t\t\t<\/div>\n\t\t\t\t<\/div>\n\t\t            <\/div>\n        <\/div>\n                    <\/div>\n        <\/section>\n                <section class=\"elementor-section elementor-top-section elementor-element elementor-element-41b62b34 elementor-section-stretched elementor-section-boxed elementor-section-height-default elementor-section-height-default ct-header-fixed-none ct-row-max-none\" data-id=\"41b62b34\" data-element_type=\"section\" data-settings=\"{&quot;stretch_section&quot;:&quot;section-stretched&quot;,&quot;background_background&quot;:&quot;classic&quot;}\">\n            \n                        <div class=\"elementor-container elementor-column-gap-extended\">\n                    <div class=\"elementor-column elementor-col-100 elementor-top-column elementor-element elementor-element-5a7cd766\" data-id=\"5a7cd766\" data-element_type=\"column\">\n        <div class=\"elementor-widget-wrap elementor-element-populated\">\n                    \n        \t\t<div class=\"elementor-element elementor-element-856363f elementor-widget elementor-widget-ct_heading\" data-id=\"856363f\" data-element_type=\"widget\" data-widget_type=\"ct_heading.default\">\n\t\t\t\t<div class=\"elementor-widget-container\">\n\t\t\t\t\t<div id=\"ct_heading-856363f\" class=\"ct-heading h-align- sub-style2 ct-heading-left item-st-default\">\r\n\t<div class=\"ct-item--inner\">\r\n        <div class=\"ct-inline-css\"  data-css=\"            \">\r\n        <\/div>\r\n                <h3 class=\"item--title st-default wow wow fadeInUp\" data-wow-delay=\"ms\">\r\n                        <span class=\"sp-main\">\r\n                \r\n                Our added value\r\n                \r\n                            <\/span>\r\n                    <\/h3>\r\n    <\/div>\r\n<\/div>\t\t\t\t<\/div>\n\t\t\t\t<\/div>\n\t\t\t\t<div class=\"elementor-element elementor-element-acdfd25 elementor-widget elementor-widget-spacer\" data-id=\"acdfd25\" data-element_type=\"widget\" data-widget_type=\"spacer.default\">\n\t\t\t\t<div class=\"elementor-widget-container\">\n\t\t\t\t\t\t\t<div class=\"elementor-spacer\">\n\t\t\t<div class=\"elementor-spacer-inner\"><\/div>\n\t\t<\/div>\n\t\t\t\t\t\t<\/div>\n\t\t\t\t<\/div>\n\t\t\t\t<div class=\"elementor-element elementor-element-b2d0eec elementor-widget elementor-widget-ct_fancy_box_grid\" data-id=\"b2d0eec\" data-element_type=\"widget\" data-widget_type=\"ct_fancy_box_grid.default\">\n\t\t\t\t<div class=\"elementor-widget-container\">\n\t\t\t\t\t    <div id=\"ct_fancy_box_grid-b2d0eec\" class=\"ct-grid ct-fancy-box-grid ct-fancy-box-grid2\">\r\n        <div class=\"ct-grid-inner ct-grid-masonry row\" data-gutter=\"7\">\r\n                            <div class=\"grid-item col-xl-3 col-lg-3 col-md-6 col-sm-6 col-12\">\r\n                    <div class=\"item--inner same-height\">\r\n                                                    <div class=\"item--icon\">\r\n                                <i aria-hidden=\"true\" class=\"flaticonv2 flaticonv2-edit\"><\/i>                                                            <\/div>\r\n                                                \r\n                        <h3 class=\"item--title\">    \r\n                                                    <\/h3>\r\n                        <div class=\"item--desc\">In-depth knowledge of local markets\n<\/div>\r\n                                                    <a class=\"item-link\" href=\"https:\/\/central-africalink.com\/en\/service\/business-strategy\/\"><\/a>\r\n                                           <\/div>\r\n                   <div class=\"item--shadow\"><\/div>\r\n                <\/div>\r\n                            <div class=\"grid-item col-xl-3 col-lg-3 col-md-6 col-sm-6 col-12\">\r\n                    <div class=\"item--inner same-height\">\r\n                                                    <div class=\"item--icon\">\r\n                                <i aria-hidden=\"true\" class=\"flaticonv2 flaticonv2-gear\"><\/i>                                                            <\/div>\r\n                                                \r\n                        <h3 class=\"item--title\">    \r\n                                                    <\/h3>\r\n                        <div class=\"item--desc\">Extensive professional network with solid knowledge of key decision-makers\n<\/div>\r\n                                                    <a class=\"item-link\" href=\"https:\/\/central-africalink.com\/en\/service\/business-strategy\/\"><\/a>\r\n                                           <\/div>\r\n                   <div class=\"item--shadow\"><\/div>\r\n                <\/div>\r\n                            <div class=\"grid-item col-xl-3 col-lg-3 col-md-6 col-sm-6 col-12\">\r\n                    <div class=\"item--inner same-height\">\r\n                                                    <div class=\"item--icon\">\r\n                                <i aria-hidden=\"true\" class=\"flaticonv2 flaticonv2-objective\"><\/i>                                                            <\/div>\r\n                                                \r\n                        <h3 class=\"item--title\">    \r\n                                                    <\/h3>\r\n                        <div class=\"item--desc\">Customized solutions tailored to investors' specific needs\n<\/div>\r\n                                                    <a class=\"item-link\" href=\"https:\/\/central-africalink.com\/en\/service\/business-strategy\/\"><\/a>\r\n                                           <\/div>\r\n                   <div class=\"item--shadow\"><\/div>\r\n                <\/div>\r\n                            <div class=\"grid-item col-xl-3 col-lg-3 col-md-6 col-sm-6 col-12\">\r\n                    <div class=\"item--inner same-height\">\r\n                                                    <div class=\"item--icon\">\r\n                                <i aria-hidden=\"true\" class=\"flaticonv2 flaticonv2-creative\"><\/i>                                                            <\/div>\r\n                                                \r\n                        <h3 class=\"item--title\">    \r\n                                                    <\/h3>\r\n                        <div class=\"item--desc\">Commitment to transparency and professional ethics.\n<\/div>\r\n                                                    <a class=\"item-link\" href=\"https:\/\/central-africalink.com\/en\/service\/business-strategy\/\"><\/a>\r\n                                           <\/div>\r\n                   <div class=\"item--shadow\"><\/div>\r\n                <\/div>\r\n                        <div class=\"grid-sizer col-xl-3 col-lg-3 col-md-6 col-sm-6 col-12\"><\/div>\r\n        <\/div>\r\n    <\/div>\r\n\t\t\t\t<\/div>\n\t\t\t\t<\/div>\n\t\t            <\/div>\n        <\/div>\n                    <\/div>\n        <\/section>\n        \t\t<\/div>","protected":false},"excerpt":{"rendered":"<p>Central Africa Link, votre partenaire d&rsquo;investissement en Afrique Sp\u00e9cialis\u00e9e dans la facilitation d&rsquo;affaires et l&rsquo;accompagnement strat\u00e9gique, Central Africa Link joue un r\u00f4le cl\u00e9 dans le d\u00e9veloppement et la r\u00e9ussite des projets d&rsquo;investissement en Afrique. Gr\u00e2ce \u00e0 une expertise locale approfondie et un r\u00e9seau \u00e9tendu de partenaires, nous offrons des solutions sur mesure pour naviguer efficacement [&hellip;]<\/p>","protected":false},"author":1,"featured_media":0,"parent":0,"menu_order":0,"comment_status":"closed","ping_status":"closed","template":"","meta":{"footnotes":""},"class_list":["post-3491","page","type-page","status-publish","hentry"],"_links":{"self":[{"href":"https:\/\/central-africalink.com\/en\/wp-json\/wp\/v2\/pages\/3491","targetHints":{"allow":["GET"]}}],"collection":[{"href":"https:\/\/central-africalink.com\/en\/wp-json\/wp\/v2\/pages"}],"about":[{"href":"https:\/\/central-africalink.com\/en\/wp-json\/wp\/v2\/types\/page"}],"author":[{"embeddable":true,"href":"https:\/\/central-africalink.com\/en\/wp-json\/wp\/v2\/users\/1"}],"replies":[{"embeddable":true,"href":"https:\/\/central-africalink.com\/en\/wp-json\/wp\/v2\/comments?post=3491"}],"version-history":[{"count":47,"href":"https:\/\/central-africalink.com\/en\/wp-json\/wp\/v2\/pages\/3491\/revisions"}],"predecessor-version":[{"id":5614,"href":"https:\/\/central-africalink.com\/en\/wp-json\/wp\/v2\/pages\/3491\/revisions\/5614"}],"wp:attachment":[{"href":"https:\/\/central-africalink.com\/en\/wp-json\/wp\/v2\/media?parent=3491"}],"curies":[{"name":"wp","href":"https:\/\/api.w.org\/{rel}","templated":true}]}}